{"id":3,"date":"2023-07-20T21:51:07","date_gmt":"2023-07-20T21:51:07","guid":{"rendered":"https:\/\/bakustreet.az\/?page_id=3"},"modified":"2023-07-22T11:19:45","modified_gmt":"2023-07-22T11:19:45","slug":"gizlilik-siyaseti","status":"publish","type":"page","link":"https:\/\/bakustreet.az\/az\/gizlilik-siyaseti\/","title":{"rendered":"Gizlilik Siyas\u0259ti"},"content":{"rendered":"\n<h2 class=\"wp-block-heading\">Son yenil\u0259m\u0259 tarixi: 22.07.2023<\/h2>\n\n\n\n<p><strong class=\"privacy-policy-tutorial\">Xo\u015f g\u0259ldiniz! Baku Street (\u201cbiz\u201d, \u201cbizim\u201d v\u0259 ya \u201csayt\u0131m\u0131z\u201d) ziyar\u0259t\u00e7il\u0259rinin v\u0259 m\u00fc\u015ft\u0259ril\u0259rinin m\u0259xfiliyin\u0259 \u00f6n\u0259m verir, geyim v\u0259 aksesuar m\u0259hsullar\u0131 t\u0259klif ed\u0259n bakustreet.az (\u201csayt\u0131m\u0131z\u201d). Bu M\u0259xfilik Siyas\u0259ti sayt\u0131m\u0131z vasit\u0259sil\u0259 toplad\u0131\u011f\u0131m\u0131z \u015f\u0259xsi m\u0259lumatlar\u0131n nec\u0259 istifad\u0259 edildiyini v\u0259 qorundu\u011funu izah edir.<\/strong><\/p>\n\n\n\n<h2 class=\"wp-block-heading\">\u015e\u0259xsi m\u0259lumatlar\u0131n toplanmas\u0131 v\u0259 istifad\u0259si<\/h2>\n\n\n\n<p>Sayt\u0131m\u0131za daxil olanda v\u0259 ya m\u0259hsulu sat\u0131n ald\u0131\u011f\u0131n\u0131z zaman m\u00fc\u0259yy\u0259n \u015f\u0259xsi m\u0259lumatlar\u0131 toplamal\u0131 ola bil\u0259rik. Toplanm\u0131\u015f \u015f\u0259xsi m\u0259lumat\u0131n n\u00f6v\u00fcn\u0259 a\u015fa\u011f\u0131dak\u0131lar daxil ola bil\u0259r (lakin bununla m\u0259hdudla\u015fm\u0131r):<\/p>\n\n\n\n<ul class=\"wp-block-list\">\n<li>Ad v\u0259 soyad<\/li>\n\n\n\n<li>\u018flaq\u0259 m\u0259lumatlar\u0131n\u0131z (e-po\u00e7t \u00fcnvan\u0131, telefon n\u00f6mr\u0259si v\u0259 s.)<\/li>\n\n\n\n<li>\u00c7atd\u0131r\u0131lma \u00fcnvan\u0131 v\u0259 faktura m\u0259lumatlar\u0131<\/li>\n<\/ul>\n\n\n\n<ul class=\"wp-block-list\">\n<li>\u00d6d\u0259ni\u015f m\u0259lumatlar\u0131 (kredit kart\u0131, debet kart\u0131, dig\u0259r \u00f6d\u0259ni\u015f \u00fcsullar\u0131)<\/li>\n<\/ul>\n\n\n\n<ul class=\"wp-block-list\">\n<li>Qeydiyyat v\u0259 hesab m\u0259lumatlar\u0131<\/li>\n<\/ul>\n\n\n\n<h2 class=\"wp-block-heading\">Bu \u015f\u0259xsi m\u0259lumatlar a\u015fa\u011f\u0131dak\u0131 m\u0259qs\u0259dl\u0259r \u00fc\u00e7\u00fcn istifad\u0259 edil\u0259 bil\u0259r:<\/h2>\n\n\n\n<ul class=\"wp-block-list\">\n<li>Sifari\u015fl\u0259rin emal\u0131 v\u0259 \u00e7atd\u0131r\u0131lmas\u0131<\/li>\n\n\n\n<li>M\u00fc\u015ft\u0259ril\u0259r\u0259 xidm\u0259t g\u00f6st\u0259rm\u0259k v\u0259 m\u00fc\u015ft\u0259ril\u0259rin suallar\u0131n\u0131 cavabland\u0131rmaq<\/li>\n\n\n\n<li>M\u0259hsul v\u0259 xidm\u0259tl\u0259rimizin inki\u015faf\u0131 v\u0259 t\u0259kmill\u0259\u015fdirilm\u0259si<\/li>\n\n\n\n<li>Sat\u0131\u015f v\u0259 marketinq f\u0259aliyy\u0259tinin h\u0259yata ke\u00e7irilm\u0259si\n<ul class=\"wp-block-list\">\n<li>Qanuni t\u0259l\u0259bl\u0259r\u0259 \u0259m\u0259l edin!<\/li>\n<\/ul>\n<\/li>\n<\/ul>\n\n\n\n<h2 class=\"wp-block-heading\">\u015e\u0259xsi m\u0259lumatlar\u0131n t\u0259hl\u00fck\u0259sizliyi<\/h2>\n\n\n\n<p><strong class=\"privacy-policy-tutorial\">\u015e\u0259xsi m\u0259lumatlar\u0131n\u0131z\u0131n t\u0259hl\u00fck\u0259sizliyi vacibdir v\u0259 biz itki, sui-istifad\u0259, icaz\u0259siz giri\u015f, a\u00e7\u0131qlama v\u0259 ya d\u0259yi\u015fiklik riskl\u0259rini minimuma endirm\u0259k \u00fc\u00e7\u00fcn m\u00fcvafiq texniki v\u0259 inzibati t\u0259dbirl\u0259r g\u00f6r\u00fcr\u00fck.<\/strong><\/p>\n\n\n\n<h2 class=\"wp-block-heading\">U\u015faqlar\u0131n M\u0259xfiliyi<\/h2>\n\n\n\n<p><strong class=\"privacy-policy-tutorial\">Sayt\u0131m\u0131z 13 ya\u015f\u0131ndan ki\u00e7ik u\u015faqlardan m\u0259lumat toplamaq m\u0259qs\u0259di da\u015f\u0131m\u0131r. U\u015fa\u011f\u0131n \u015f\u0259xsi m\u0259lumatlar\u0131ndan x\u0259b\u0259rdar olsaq, s\u0259hv\u0259n toplam\u0131\u015f\u0131qsa, m\u00fcmk\u00fcn q\u0259d\u0259r tez silm\u0259y\u0259 \u00e7al\u0131\u015faca\u011f\u0131q.<\/strong><\/p>\n\n\n\n<h2 class=\"wp-block-heading\">Kukil\u0259r v\u0259 \u0130zl\u0259m\u0259 Texnologiyalar\u0131<\/h2>\n\n\n\n<p>Sayt\u0131m\u0131z ziyar\u0259t\u00e7il\u0259rin t\u0259cr\u00fcb\u0259sini v\u0259 sayt\u0131m\u0131z\u0131 daha yax\u015f\u0131 ba\u015fa d\u00fc\u015fm\u0259k \u00fc\u00e7\u00fcn kukil\u0259rd\u0259n v\u0259 ox\u015far izl\u0259m\u0259 texnologiyalar\u0131ndan istifad\u0259 ed\u0259 bil\u0259r. \u018ftrafl\u0131 m\u0259lumat \u00fc\u00e7\u00fcn &#8220;Cookie Siyas\u0259ti&#8221;mizi n\u0259z\u0259rd\u0259n ke\u00e7irin.<\/p>\n\n\n\n<h2 class=\"wp-block-heading\">D\u0259yi\u015fiklikl\u0259r<\/h2>\n\n\n\n<p><strong class=\"privacy-policy-tutorial\">Bu M\u0259xfilik Siyas\u0259ti vaxta\u015f\u0131r\u0131 yenil\u0259n\u0259 bil\u0259r. Yenil\u0259nmi\u015f siyas\u0259tl\u0259r sayt\u0131m\u0131zda yerl\u0259\u015fdiril\u0259c\u0259k v\u0259 d\u0259yi\u015fdirilmi\u015f son yenil\u0259nm\u0259 tarixini g\u00f6st\u0259r\u0259c\u0259k.<\/strong><\/p>\n\n\n\n<h2 class=\"wp-block-heading\">\u018flaq\u0259<\/h2>\n\n\n\n<p><strong class=\"privacy-policy-tutorial\">M\u0259xfilik siyas\u0259timizl\u0259 ba\u011fl\u0131 h\u0259r hans\u0131 sual\u0131n\u0131z v\u0259 ya narahatl\u0131\u011f\u0131n\u0131z varsa, biziml\u0259 \u0259laq\u0259 saxlamaqdan \u00e7\u0259kinm\u0259yin: <\/strong>elaqe@bakustreet.az<\/p>\n","protected":false},"excerpt":{"rendered":"<p>Son yenil\u0259m\u0259 tarixi: 22.07.2023 Xo\u015f g\u0259ldiniz! Baku Street (\u201cbiz\u201d, \u201cbizim\u201d v\u0259 ya \u201csayt\u0131m\u0131z\u201d) ziyar\u0259t\u00e7il\u0259rinin v\u0259 m\u00fc\u015ft\u0259ril\u0259rinin m\u0259xfiliyin\u0259 \u00f6n\u0259m verir, geyim<\/p>\n","protected":false},"author":1,"featured_media":0,"parent":0,"menu_order":0,"comment_status":"closed","ping_status":"closed","template":"","meta":{"footnotes":""},"class_list":["post-3","page","type-page","status-publish","hentry"],"ams_acf":[],"jetpack_sharing_enabled":true,"_links":{"self":[{"href":"https:\/\/bakustreet.az\/az\/wp-json\/wp\/v2\/pages\/3","targetHints":{"allow":["GET"]}}],"collection":[{"href":"https:\/\/bakustreet.az\/az\/wp-json\/wp\/v2\/pages"}],"about":[{"href":"https:\/\/bakustreet.az\/az\/wp-json\/wp\/v2\/types\/page"}],"author":[{"embeddable":true,"href":"https:\/\/bakustreet.az\/az\/wp-json\/wp\/v2\/users\/1"}],"replies":[{"embeddable":true,"href":"https:\/\/bakustreet.az\/az\/wp-json\/wp\/v2\/comments?post=3"}],"version-history":[{"count":2,"href":"https:\/\/bakustreet.az\/az\/wp-json\/wp\/v2\/pages\/3\/revisions"}],"predecessor-version":[{"id":8537,"href":"https:\/\/bakustreet.az\/az\/wp-json\/wp\/v2\/pages\/3\/revisions\/8537"}],"wp:attachment":[{"href":"https:\/\/bakustreet.az\/az\/wp-json\/wp\/v2\/media?parent=3"}],"curies":[{"name":"wp","href":"https:\/\/api.w.org\/{rel}","templated":true}]}}