{"id":12159,"date":"2024-08-26T19:40:53","date_gmt":"2024-08-26T19:40:53","guid":{"rendered":"https:\/\/bakustreet.az\/az\/?post_type=product&#038;p=12159"},"modified":"2024-08-27T08:24:08","modified_gmt":"2024-08-27T08:24:08","slug":"kobe-kolej-jaket-n71","status":"publish","type":"product","link":"https:\/\/bakustreet.az\/az\/product\/kobe-kolej-jaket-n71\/","title":{"rendered":"Y kobe kolej jaket n71"},"content":{"rendered":"<p>M\u0259hsulu alark\u0259n normal olcuden bir olcu b\u00f6yuk alma\u011finiz t\u00f6vsiy\u0259 olunur<\/p>\n","protected":false},"excerpt":{"rendered":"<p>M\u0259hsulu alark\u0259n normal olcuden bir olcu b\u00f6yuk alma\u011finiz t\u00f6vsiy\u0259 olunur<\/p>\n","protected":false},"featured_media":12166,"comment_status":"open","ping_status":"closed","template":"","meta":[],"product_brand":[],"product_cat":[88],"product_tag":[],"class_list":{"0":"post-12159","1":"product","2":"type-product","3":"status-publish","4":"has-post-thumbnail","6":"product_cat-jackets","8":"first","9":"instock","10":"sale","11":"shipping-taxable","12":"purchasable","13":"product-type-variable"},"ams_default_variation_id":0,"ams_product_points_reward":[],"ams_product_discount_percentage":0,"ams_price_to_display":37,"ams_acf":[],"jetpack_sharing_enabled":true,"_links":{"self":[{"href":"https:\/\/bakustreet.az\/az\/wp-json\/wp\/v2\/product\/12159","targetHints":{"allow":["GET"]}}],"collection":[{"href":"https:\/\/bakustreet.az\/az\/wp-json\/wp\/v2\/product"}],"about":[{"href":"https:\/\/bakustreet.az\/az\/wp-json\/wp\/v2\/types\/product"}],"replies":[{"embeddable":true,"href":"https:\/\/bakustreet.az\/az\/wp-json\/wp\/v2\/comments?post=12159"}],"version-history":[{"count":2,"href":"https:\/\/bakustreet.az\/az\/wp-json\/wp\/v2\/product\/12159\/revisions"}],"predecessor-version":[{"id":12270,"href":"https:\/\/bakustreet.az\/az\/wp-json\/wp\/v2\/product\/12159\/revisions\/12270"}],"wp:featuredmedia":[{"embeddable":true,"href":"https:\/\/bakustreet.az\/az\/wp-json\/wp\/v2\/media\/12166"}],"wp:attachment":[{"href":"https:\/\/bakustreet.az\/az\/wp-json\/wp\/v2\/media?parent=12159"}],"wp:term":[{"taxonomy":"product_brand","embeddable":true,"href":"https:\/\/bakustreet.az\/az\/wp-json\/wp\/v2\/product_brand?post=12159"},{"taxonomy":"product_cat","embeddable":true,"href":"https:\/\/bakustreet.az\/az\/wp-json\/wp\/v2\/product_cat?post=12159"},{"taxonomy":"product_tag","embeddable":true,"href":"https:\/\/bakustreet.az\/az\/wp-json\/wp\/v2\/product_tag?post=12159"}],"curies":[{"name":"wp","href":"https:\/\/api.w.org\/{rel}","templated":true}]}}