{"id":12170,"date":"2024-08-26T19:50:44","date_gmt":"2024-08-26T19:50:44","guid":{"rendered":"https:\/\/bakustreet.az\/az\/?post_type=product&#038;p=12170"},"modified":"2024-08-26T19:53:01","modified_gmt":"2024-08-26T19:53:01","slug":"inc%c9%99-haki-jaket-n112","status":"publish","type":"product","link":"https:\/\/bakustreet.az\/az\/product\/inc%c9%99-haki-jaket-n112\/","title":{"rendered":"inc\u0259 haki  jaket n112"},"content":{"rendered":"<p>M\u0259hsulu alark\u0259n normal olcuden bir olcu b\u00f6yuk alma\u011finiz t\u00f6vsiy\u0259 olunur<\/p>\n","protected":false},"excerpt":{"rendered":"<p>M\u0259hsulu alark\u0259n normal olcuden bir olcu b\u00f6yuk alma\u011finiz t\u00f6vsiy\u0259 olunur<\/p>\n","protected":false},"featured_media":12177,"comment_status":"open","ping_status":"closed","template":"","meta":[],"product_brand":[],"product_cat":[88],"product_tag":[],"class_list":{"0":"post-12170","1":"product","2":"type-product","3":"status-publish","4":"has-post-thumbnail","6":"product_cat-jackets","8":"first","9":"instock","10":"sale","11":"shipping-taxable","12":"purchasable","13":"product-type-variable"},"ams_default_variation_id":0,"ams_product_points_reward":[],"ams_product_discount_percentage":0,"ams_price_to_display":37,"ams_acf":[],"jetpack_sharing_enabled":true,"_links":{"self":[{"href":"https:\/\/bakustreet.az\/az\/wp-json\/wp\/v2\/product\/12170","targetHints":{"allow":["GET"]}}],"collection":[{"href":"https:\/\/bakustreet.az\/az\/wp-json\/wp\/v2\/product"}],"about":[{"href":"https:\/\/bakustreet.az\/az\/wp-json\/wp\/v2\/types\/product"}],"replies":[{"embeddable":true,"href":"https:\/\/bakustreet.az\/az\/wp-json\/wp\/v2\/comments?post=12170"}],"version-history":[{"count":1,"href":"https:\/\/bakustreet.az\/az\/wp-json\/wp\/v2\/product\/12170\/revisions"}],"predecessor-version":[{"id":12178,"href":"https:\/\/bakustreet.az\/az\/wp-json\/wp\/v2\/product\/12170\/revisions\/12178"}],"wp:featuredmedia":[{"embeddable":true,"href":"https:\/\/bakustreet.az\/az\/wp-json\/wp\/v2\/media\/12177"}],"wp:attachment":[{"href":"https:\/\/bakustreet.az\/az\/wp-json\/wp\/v2\/media?parent=12170"}],"wp:term":[{"taxonomy":"product_brand","embeddable":true,"href":"https:\/\/bakustreet.az\/az\/wp-json\/wp\/v2\/product_brand?post=12170"},{"taxonomy":"product_cat","embeddable":true,"href":"https:\/\/bakustreet.az\/az\/wp-json\/wp\/v2\/product_cat?post=12170"},{"taxonomy":"product_tag","embeddable":true,"href":"https:\/\/bakustreet.az\/az\/wp-json\/wp\/v2\/product_tag?post=12170"}],"curies":[{"name":"wp","href":"https:\/\/api.w.org\/{rel}","templated":true}]}}