{"id":13733,"date":"2025-03-29T12:17:12","date_gmt":"2025-03-29T12:17:12","guid":{"rendered":"https:\/\/bakustreet.az\/az\/?post_type=product&#038;p=13733"},"modified":"2025-03-29T12:18:16","modified_gmt":"2025-03-29T12:18:16","slug":"cox-cibli-parca-canta-2","status":"publish","type":"product","link":"https:\/\/bakustreet.az\/az\/product\/cox-cibli-parca-canta-2\/","title":{"rendered":"\u00c7ox cibli Par\u00e7a \u00c7anta"},"content":{"rendered":"","protected":false},"excerpt":{"rendered":"","protected":false},"featured_media":13671,"comment_status":"open","ping_status":"closed","template":"","meta":[],"product_brand":[],"product_cat":[87,80],"product_tag":[],"class_list":{"0":"post-13733","1":"product","2":"type-product","3":"status-publish","4":"has-post-thumbnail","6":"product_cat-aksesuarlar","7":"product_cat-canta","9":"first","10":"instock","11":"shipping-taxable","12":"purchasable","13":"product-type-simple"},"ams_default_variation_id":0,"ams_product_points_reward":[],"ams_product_discount_percentage":0,"ams_price_to_display":25,"ams_acf":[],"jetpack_sharing_enabled":true,"_links":{"self":[{"href":"https:\/\/bakustreet.az\/az\/wp-json\/wp\/v2\/product\/13733","targetHints":{"allow":["GET"]}}],"collection":[{"href":"https:\/\/bakustreet.az\/az\/wp-json\/wp\/v2\/product"}],"about":[{"href":"https:\/\/bakustreet.az\/az\/wp-json\/wp\/v2\/types\/product"}],"replies":[{"embeddable":true,"href":"https:\/\/bakustreet.az\/az\/wp-json\/wp\/v2\/comments?post=13733"}],"version-history":[{"count":1,"href":"https:\/\/bakustreet.az\/az\/wp-json\/wp\/v2\/product\/13733\/revisions"}],"predecessor-version":[{"id":13734,"href":"https:\/\/bakustreet.az\/az\/wp-json\/wp\/v2\/product\/13733\/revisions\/13734"}],"wp:featuredmedia":[{"embeddable":true,"href":"https:\/\/bakustreet.az\/az\/wp-json\/wp\/v2\/media\/13671"}],"wp:attachment":[{"href":"https:\/\/bakustreet.az\/az\/wp-json\/wp\/v2\/media?parent=13733"}],"wp:term":[{"taxonomy":"product_brand","embeddable":true,"href":"https:\/\/bakustreet.az\/az\/wp-json\/wp\/v2\/product_brand?post=13733"},{"taxonomy":"product_cat","embeddable":true,"href":"https:\/\/bakustreet.az\/az\/wp-json\/wp\/v2\/product_cat?post=13733"},{"taxonomy":"product_tag","embeddable":true,"href":"https:\/\/bakustreet.az\/az\/wp-json\/wp\/v2\/product_tag?post=13733"}],"curies":[{"name":"wp","href":"https:\/\/api.w.org\/{rel}","templated":true}]}}