{"id":13735,"date":"2025-03-29T12:20:31","date_gmt":"2025-03-29T12:20:31","guid":{"rendered":"https:\/\/bakustreet.az\/az\/?post_type=product&#038;p=13735"},"modified":"2025-03-29T12:22:31","modified_gmt":"2025-03-29T12:22:31","slug":"stikerli-canta-boyuk","status":"publish","type":"product","link":"https:\/\/bakustreet.az\/az\/product\/stikerli-canta-boyuk\/","title":{"rendered":"Stikerli \u00c7anta b\u00f6y\u00fck"},"content":{"rendered":"","protected":false},"excerpt":{"rendered":"","protected":false},"featured_media":13667,"comment_status":"open","ping_status":"closed","template":"","meta":[],"product_brand":[],"product_cat":[87,80],"product_tag":[],"class_list":{"0":"post-13735","1":"product","2":"type-product","3":"status-publish","4":"has-post-thumbnail","6":"product_cat-aksesuarlar","7":"product_cat-canta","9":"first","10":"instock","11":"shipping-taxable","12":"purchasable","13":"product-type-simple"},"ams_default_variation_id":0,"ams_product_points_reward":[],"ams_product_discount_percentage":0,"ams_price_to_display":29,"ams_acf":[],"jetpack_sharing_enabled":true,"_links":{"self":[{"href":"https:\/\/bakustreet.az\/az\/wp-json\/wp\/v2\/product\/13735","targetHints":{"allow":["GET"]}}],"collection":[{"href":"https:\/\/bakustreet.az\/az\/wp-json\/wp\/v2\/product"}],"about":[{"href":"https:\/\/bakustreet.az\/az\/wp-json\/wp\/v2\/types\/product"}],"replies":[{"embeddable":true,"href":"https:\/\/bakustreet.az\/az\/wp-json\/wp\/v2\/comments?post=13735"}],"version-history":[{"count":1,"href":"https:\/\/bakustreet.az\/az\/wp-json\/wp\/v2\/product\/13735\/revisions"}],"predecessor-version":[{"id":13736,"href":"https:\/\/bakustreet.az\/az\/wp-json\/wp\/v2\/product\/13735\/revisions\/13736"}],"wp:featuredmedia":[{"embeddable":true,"href":"https:\/\/bakustreet.az\/az\/wp-json\/wp\/v2\/media\/13667"}],"wp:attachment":[{"href":"https:\/\/bakustreet.az\/az\/wp-json\/wp\/v2\/media?parent=13735"}],"wp:term":[{"taxonomy":"product_brand","embeddable":true,"href":"https:\/\/bakustreet.az\/az\/wp-json\/wp\/v2\/product_brand?post=13735"},{"taxonomy":"product_cat","embeddable":true,"href":"https:\/\/bakustreet.az\/az\/wp-json\/wp\/v2\/product_cat?post=13735"},{"taxonomy":"product_tag","embeddable":true,"href":"https:\/\/bakustreet.az\/az\/wp-json\/wp\/v2\/product_tag?post=13735"}],"curies":[{"name":"wp","href":"https:\/\/api.w.org\/{rel}","templated":true}]}}